{"id":1367,"date":"2024-09-26T17:25:46","date_gmt":"2024-09-26T17:25:46","guid":{"rendered":"https:\/\/akarat.at\/?page_id=1367"},"modified":"2024-09-27T11:56:27","modified_gmt":"2024-09-27T11:56:27","slug":"hofladen","status":"publish","type":"page","link":"https:\/\/franzruescher.at\/?page_id=1367","title":{"rendered":"Hofladen"},"content":{"rendered":"\n<h2 class=\"wp-block-heading\">Besuchen Sie uns in Andelsbuch<\/h2>\n\n\n\n<p>Unser Hofladen ist der ideale Ort, um unsere Edelbr\u00e4nde pers\u00f6nlich kennenzulernen. Hier k\u00f6nnen Sie in aller Ruhe durch unser Sortiment st\u00f6bern und sich fachkundig beraten lassen. Der Laden ist in der Regel ge\u00f6ffnet, oder Sie k\u00f6nnen einen Termin nach Vereinbarung mit uns ausmachen. Ab einer Bestellmenge von 6 Flaschen senden wir Ihnen unsere Produkte auch gerne direkt nach Hause.<\/p>\n\n\n\n<figure class=\"wp-block-image size-large is-resized\"><img loading=\"lazy\" decoding=\"async\" width=\"1024\" height=\"682\" src=\"https:\/\/franzruescher.at\/wp-content\/uploads\/2024\/09\/FewoBirg_077-1024x682.jpg\" alt=\"\" class=\"wp-image-1429\" style=\"width:700px\" srcset=\"https:\/\/franzruescher.at\/wp-content\/uploads\/2024\/09\/FewoBirg_077-1024x682.jpg 1024w, https:\/\/franzruescher.at\/wp-content\/uploads\/2024\/09\/FewoBirg_077-300x200.jpg 300w, https:\/\/franzruescher.at\/wp-content\/uploads\/2024\/09\/FewoBirg_077-768x512.jpg 768w, https:\/\/franzruescher.at\/wp-content\/uploads\/2024\/09\/FewoBirg_077-1536x1024.jpg 1536w, https:\/\/franzruescher.at\/wp-content\/uploads\/2024\/09\/FewoBirg_077.jpg 1700w\" sizes=\"auto, (max-width: 1024px) 100vw, 1024px\" \/><\/figure>\n\n\n\n<p>Z\u00f6gern Sie nicht, uns bei Fragen oder zur Terminvereinbarung zu kontaktieren. Wir freuen uns auf Ihren Besuch!<\/p>\n\n\n\n<p><\/p>\n","protected":false},"excerpt":{"rendered":"<p>Besuchen Sie uns in Andelsbuch Unser Hofladen ist der ideale Ort, um unsere Edelbr\u00e4nde pers\u00f6nlich kennenzulernen. Hier k\u00f6nnen Sie in aller Ruhe durch unser Sortiment st\u00f6bern und sich fachkundig beraten lassen. Der Laden ist in der Regel ge\u00f6ffnet, oder Sie k\u00f6nnen einen Termin nach Vereinbarung mit uns ausmachen. Ab einer Bestellmenge von 6 Flaschen senden &#8230; <a title=\"Hofladen\" class=\"read-more\" href=\"https:\/\/franzruescher.at\/?page_id=1367\" aria-label=\"Mehr Informationen \u00fcber Hofladen\">Weiterlesen &#8230;<\/a><\/p>\n","protected":false},"author":1,"featured_media":0,"parent":0,"menu_order":0,"comment_status":"closed","ping_status":"closed","template":"","meta":{"footnotes":""},"class_list":["post-1367","page","type-page","status-publish"],"_links":{"self":[{"href":"https:\/\/franzruescher.at\/index.php?rest_route=\/wp\/v2\/pages\/1367","targetHints":{"allow":["GET"]}}],"collection":[{"href":"https:\/\/franzruescher.at\/index.php?rest_route=\/wp\/v2\/pages"}],"about":[{"href":"https:\/\/franzruescher.at\/index.php?rest_route=\/wp\/v2\/types\/page"}],"author":[{"embeddable":true,"href":"https:\/\/franzruescher.at\/index.php?rest_route=\/wp\/v2\/users\/1"}],"replies":[{"embeddable":true,"href":"https:\/\/franzruescher.at\/index.php?rest_route=%2Fwp%2Fv2%2Fcomments&post=1367"}],"version-history":[{"count":3,"href":"https:\/\/franzruescher.at\/index.php?rest_route=\/wp\/v2\/pages\/1367\/revisions"}],"predecessor-version":[{"id":1430,"href":"https:\/\/franzruescher.at\/index.php?rest_route=\/wp\/v2\/pages\/1367\/revisions\/1430"}],"wp:attachment":[{"href":"https:\/\/franzruescher.at\/index.php?rest_route=%2Fwp%2Fv2%2Fmedia&parent=1367"}],"curies":[{"name":"wp","href":"https:\/\/api.w.org\/{rel}","templated":true}]}}