{"id":1365,"date":"2024-09-26T17:25:09","date_gmt":"2024-09-26T17:25:09","guid":{"rendered":"https:\/\/akarat.at\/?page_id=1365"},"modified":"2024-09-27T11:55:23","modified_gmt":"2024-09-27T11:55:23","slug":"verkostungen","status":"publish","type":"page","link":"https:\/\/franzruescher.at\/?page_id=1365","title":{"rendered":"Verkostungen"},"content":{"rendered":"\n<h2 class=\"wp-block-heading\">Edelbr\u00e4nde erleben \u2013 Unsere Verkostungen<\/h2>\n\n\n\n<p>M\u00f6chten Sie die Vielfalt und Einzigartigkeit unserer Edelbr\u00e4nde selbst erleben? Dann laden wir Sie herzlich zu einer Verkostung auf unserem Hof ein. In gem\u00fctlicher Atmosph\u00e4re k\u00f6nnen Sie in kleiner Runde von bis zu 10 Personen unsere verschiedenen Br\u00e4nde probieren und mehr \u00fcber die Kunst des Destillierens erfahren. Wir erkl\u00e4ren Ihnen gerne, wie unsere Br\u00e4nde hergestellt werden, welche Zutaten wir verwenden und wie sich die verschiedenen Geschmacksnoten entfalten.<\/p>\n\n\n\n<figure class=\"wp-block-image size-large\"><img loading=\"lazy\" decoding=\"async\" width=\"1024\" height=\"682\" src=\"https:\/\/franzruescher.at\/wp-content\/uploads\/2024\/09\/FewoBirg_092-1024x682.jpg\" alt=\"\" class=\"wp-image-1427\" srcset=\"https:\/\/franzruescher.at\/wp-content\/uploads\/2024\/09\/FewoBirg_092-1024x682.jpg 1024w, https:\/\/franzruescher.at\/wp-content\/uploads\/2024\/09\/FewoBirg_092-300x200.jpg 300w, https:\/\/franzruescher.at\/wp-content\/uploads\/2024\/09\/FewoBirg_092-768x512.jpg 768w, https:\/\/franzruescher.at\/wp-content\/uploads\/2024\/09\/FewoBirg_092-1536x1024.jpg 1536w, https:\/\/franzruescher.at\/wp-content\/uploads\/2024\/09\/FewoBirg_092.jpg 1700w\" sizes=\"auto, (max-width: 1024px) 100vw, 1024px\" \/><\/figure>\n\n\n\n<p>Jede Verkostung ist ein besonderes Erlebnis, bei dem Sie tief in die Welt unserer Edelbr\u00e4nde eintauchen k\u00f6nnen. Ob als Genuss f\u00fcr zwischendurch oder als Geschenkidee \u2013 unsere Verkostungen bleiben in Erinnerung.<\/p>\n","protected":false},"excerpt":{"rendered":"<p>Edelbr\u00e4nde erleben \u2013 Unsere Verkostungen M\u00f6chten Sie die Vielfalt und Einzigartigkeit unserer Edelbr\u00e4nde selbst erleben? Dann laden wir Sie herzlich zu einer Verkostung auf unserem Hof ein. In gem\u00fctlicher Atmosph\u00e4re k\u00f6nnen Sie in kleiner Runde von bis zu 10 Personen unsere verschiedenen Br\u00e4nde probieren und mehr \u00fcber die Kunst des Destillierens erfahren. Wir erkl\u00e4ren Ihnen &#8230; <a title=\"Verkostungen\" class=\"read-more\" href=\"https:\/\/franzruescher.at\/?page_id=1365\" aria-label=\"Mehr Informationen \u00fcber Verkostungen\">Weiterlesen &#8230;<\/a><\/p>\n","protected":false},"author":1,"featured_media":0,"parent":0,"menu_order":0,"comment_status":"closed","ping_status":"closed","template":"","meta":{"footnotes":""},"class_list":["post-1365","page","type-page","status-publish"],"_links":{"self":[{"href":"https:\/\/franzruescher.at\/index.php?rest_route=\/wp\/v2\/pages\/1365","targetHints":{"allow":["GET"]}}],"collection":[{"href":"https:\/\/franzruescher.at\/index.php?rest_route=\/wp\/v2\/pages"}],"about":[{"href":"https:\/\/franzruescher.at\/index.php?rest_route=\/wp\/v2\/types\/page"}],"author":[{"embeddable":true,"href":"https:\/\/franzruescher.at\/index.php?rest_route=\/wp\/v2\/users\/1"}],"replies":[{"embeddable":true,"href":"https:\/\/franzruescher.at\/index.php?rest_route=%2Fwp%2Fv2%2Fcomments&post=1365"}],"version-history":[{"count":3,"href":"https:\/\/franzruescher.at\/index.php?rest_route=\/wp\/v2\/pages\/1365\/revisions"}],"predecessor-version":[{"id":1428,"href":"https:\/\/franzruescher.at\/index.php?rest_route=\/wp\/v2\/pages\/1365\/revisions\/1428"}],"wp:attachment":[{"href":"https:\/\/franzruescher.at\/index.php?rest_route=%2Fwp%2Fv2%2Fmedia&parent=1365"}],"curies":[{"name":"wp","href":"https:\/\/api.w.org\/{rel}","templated":true}]}}