{"id":1363,"date":"2024-09-26T17:24:46","date_gmt":"2024-09-26T17:24:46","guid":{"rendered":"https:\/\/akarat.at\/?page_id=1363"},"modified":"2026-01-11T20:12:48","modified_gmt":"2026-01-11T20:12:48","slug":"unsere-produkte","status":"publish","type":"page","link":"https:\/\/franzruescher.at\/?page_id=1363","title":{"rendered":"Unsere Produkte"},"content":{"rendered":"\n<h2 class=\"wp-block-heading\">Tradition und Vielfalt \u2013 Unsere Edelbr\u00e4nde<\/h2>\n\n\n\n<p>In unserer Brennerei haben wir \u00fcber die Jahre eine breite Palette an hochwertigen Br\u00e4nden entwickelt. Dabei bleiben wir unseren Wurzeln treu und setzen auf traditionelle Rezepturen, kombiniert mit modernem Wissen und Handwerk. Jede Flasche verk\u00f6rpert unsere Liebe zur Natur, zur Frucht und zum Destillationshandwerk. <\/p>\n\n\n<div class=\"gb-container gb-container-12819f6d\">\n<div class=\"gb-container gb-container-97d97aca\">\n\n<p>Die aktuelle Preisliste finden Sie hier: <a href=\"https:\/\/franzruescher.at\/wp-content\/uploads\/2026\/01\/Preisliste-2026.pdf\" data-type=\"attachment\" data-id=\"1530\">Preisliste<\/a><\/p>\n\n<\/div>\n<\/div>\n\n\n<p>Hier ein Auszug aus unserem Angebot:<\/p>\n\n\n<ul class=\"wp-block-latest-posts__list is-grid columns-5 wp-block-latest-posts\"><li><div class=\"wp-block-latest-posts__featured-image\"><a href=\"https:\/\/franzruescher.at\/?p=1439\" aria-label=\"Alpenkr\u00e4uter\"><img loading=\"lazy\" decoding=\"async\" width=\"204\" height=\"300\" src=\"https:\/\/franzruescher.at\/wp-content\/uploads\/2024\/09\/ruescher_etiketten_75_1106-204x300.jpg\" class=\"attachment-medium size-medium wp-post-image\" alt=\"\" style=\"max-height:200px;\" srcset=\"https:\/\/franzruescher.at\/wp-content\/uploads\/2024\/09\/ruescher_etiketten_75_1106-204x300.jpg 204w, https:\/\/franzruescher.at\/wp-content\/uploads\/2024\/09\/ruescher_etiketten_75_1106.jpg 443w\" sizes=\"auto, (max-width: 204px) 100vw, 204px\" \/><\/a><\/div><a class=\"wp-block-latest-posts__post-title\" href=\"https:\/\/franzruescher.at\/?p=1439\">Alpenkr\u00e4uter<\/a><\/li>\n<li><div class=\"wp-block-latest-posts__featured-image\"><a href=\"https:\/\/franzruescher.at\/?p=1514\" aria-label=\"Apfelbrand im Eichenfass\"><img loading=\"lazy\" decoding=\"async\" width=\"204\" height=\"300\" src=\"https:\/\/franzruescher.at\/wp-content\/uploads\/2024\/09\/ruescher_etiketten_75_11026-204x300.jpg\" class=\"attachment-medium size-medium wp-post-image\" alt=\"\" style=\"max-height:200px;\" srcset=\"https:\/\/franzruescher.at\/wp-content\/uploads\/2024\/09\/ruescher_etiketten_75_11026-204x300.jpg 204w, https:\/\/franzruescher.at\/wp-content\/uploads\/2024\/09\/ruescher_etiketten_75_11026.jpg 443w\" sizes=\"auto, (max-width: 204px) 100vw, 204px\" \/><\/a><\/div><a class=\"wp-block-latest-posts__post-title\" href=\"https:\/\/franzruescher.at\/?p=1514\">Apfelbrand im Eichenfass<\/a><\/li>\n<li><div class=\"wp-block-latest-posts__featured-image\"><a href=\"https:\/\/franzruescher.at\/?p=1516\" aria-label=\"Brenntawinar\"><img loading=\"lazy\" decoding=\"async\" width=\"204\" height=\"300\" src=\"https:\/\/franzruescher.at\/wp-content\/uploads\/2024\/09\/ruescher_etiketten_75_11010-204x300.jpg\" class=\"attachment-medium size-medium wp-post-image\" alt=\"\" style=\"max-height:200px;\" srcset=\"https:\/\/franzruescher.at\/wp-content\/uploads\/2024\/09\/ruescher_etiketten_75_11010-204x300.jpg 204w, https:\/\/franzruescher.at\/wp-content\/uploads\/2024\/09\/ruescher_etiketten_75_11010.jpg 443w\" sizes=\"auto, (max-width: 204px) 100vw, 204px\" \/><\/a><\/div><a class=\"wp-block-latest-posts__post-title\" href=\"https:\/\/franzruescher.at\/?p=1516\">Brenntawinar<\/a><\/li>\n<li><div class=\"wp-block-latest-posts__featured-image\"><a href=\"https:\/\/franzruescher.at\/?p=1466\" aria-label=\"Gelber Enzian\"><img loading=\"lazy\" decoding=\"async\" width=\"204\" height=\"300\" src=\"https:\/\/franzruescher.at\/wp-content\/uploads\/2024\/09\/ruescher_etiketten_75_110-204x300.jpg\" class=\"attachment-medium size-medium wp-post-image\" alt=\"\" style=\"max-height:200px;\" srcset=\"https:\/\/franzruescher.at\/wp-content\/uploads\/2024\/09\/ruescher_etiketten_75_110-204x300.jpg 204w, https:\/\/franzruescher.at\/wp-content\/uploads\/2024\/09\/ruescher_etiketten_75_110.jpg 443w\" sizes=\"auto, (max-width: 204px) 100vw, 204px\" \/><\/a><\/div><a class=\"wp-block-latest-posts__post-title\" href=\"https:\/\/franzruescher.at\/?p=1466\">Gelber Enzian<\/a><\/li>\n<li><div class=\"wp-block-latest-posts__featured-image\"><a href=\"https:\/\/franzruescher.at\/?p=1509\" aria-label=\"Grafensteiner\"><img loading=\"lazy\" decoding=\"async\" width=\"204\" height=\"300\" src=\"https:\/\/franzruescher.at\/wp-content\/uploads\/2024\/09\/ruescher_etiketten_75_1108-204x300.jpg\" class=\"attachment-medium size-medium wp-post-image\" alt=\"\" style=\"max-height:200px;\" srcset=\"https:\/\/franzruescher.at\/wp-content\/uploads\/2024\/09\/ruescher_etiketten_75_1108-204x300.jpg 204w, https:\/\/franzruescher.at\/wp-content\/uploads\/2024\/09\/ruescher_etiketten_75_1108.jpg 443w\" sizes=\"auto, (max-width: 204px) 100vw, 204px\" \/><\/a><\/div><a class=\"wp-block-latest-posts__post-title\" href=\"https:\/\/franzruescher.at\/?p=1509\">Grafensteiner<\/a><\/li>\n<li><div class=\"wp-block-latest-posts__featured-image\"><a href=\"https:\/\/franzruescher.at\/?p=1520\" aria-label=\"Johannisbeerlik\u00f6r\"><img loading=\"lazy\" decoding=\"async\" width=\"204\" height=\"300\" src=\"https:\/\/franzruescher.at\/wp-content\/uploads\/2024\/09\/ruescher_etiketten_75_11013-204x300.jpg\" class=\"attachment-medium size-medium wp-post-image\" alt=\"\" style=\"max-height:200px;\" srcset=\"https:\/\/franzruescher.at\/wp-content\/uploads\/2024\/09\/ruescher_etiketten_75_11013-204x300.jpg 204w, https:\/\/franzruescher.at\/wp-content\/uploads\/2024\/09\/ruescher_etiketten_75_11013.jpg 443w\" sizes=\"auto, (max-width: 204px) 100vw, 204px\" \/><\/a><\/div><a class=\"wp-block-latest-posts__post-title\" href=\"https:\/\/franzruescher.at\/?p=1520\">Johannisbeerlik\u00f6r<\/a><\/li>\n<li><div class=\"wp-block-latest-posts__featured-image\"><a href=\"https:\/\/franzruescher.at\/?p=1505\" aria-label=\"Jonagold\"><img loading=\"lazy\" decoding=\"async\" width=\"204\" height=\"300\" src=\"https:\/\/franzruescher.at\/wp-content\/uploads\/2024\/09\/ruescher_etiketten_75_1109-204x300.jpg\" class=\"attachment-medium size-medium wp-post-image\" alt=\"\" style=\"max-height:200px;\" srcset=\"https:\/\/franzruescher.at\/wp-content\/uploads\/2024\/09\/ruescher_etiketten_75_1109-204x300.jpg 204w, https:\/\/franzruescher.at\/wp-content\/uploads\/2024\/09\/ruescher_etiketten_75_1109.jpg 443w\" sizes=\"auto, (max-width: 204px) 100vw, 204px\" \/><\/a><\/div><a class=\"wp-block-latest-posts__post-title\" href=\"https:\/\/franzruescher.at\/?p=1505\">Jonagold<\/a><\/li>\n<li><div class=\"wp-block-latest-posts__featured-image\"><a href=\"https:\/\/franzruescher.at\/?p=1468\" aria-label=\"Meisterwurzbrand\"><img loading=\"lazy\" decoding=\"async\" width=\"204\" height=\"300\" src=\"https:\/\/franzruescher.at\/wp-content\/uploads\/2024\/09\/ruescher_etiketten_75_1102-204x300.jpg\" class=\"attachment-medium size-medium wp-post-image\" alt=\"\" style=\"max-height:200px;\" srcset=\"https:\/\/franzruescher.at\/wp-content\/uploads\/2024\/09\/ruescher_etiketten_75_1102-204x300.jpg 204w, https:\/\/franzruescher.at\/wp-content\/uploads\/2024\/09\/ruescher_etiketten_75_1102.jpg 443w\" sizes=\"auto, (max-width: 204px) 100vw, 204px\" \/><\/a><\/div><a class=\"wp-block-latest-posts__post-title\" href=\"https:\/\/franzruescher.at\/?p=1468\">Meisterwurzbrand<\/a><\/li>\n<li><div class=\"wp-block-latest-posts__featured-image\"><a href=\"https:\/\/franzruescher.at\/?p=1518\" aria-label=\"Mirabellenbrand\"><img loading=\"lazy\" decoding=\"async\" width=\"204\" height=\"300\" src=\"https:\/\/franzruescher.at\/wp-content\/uploads\/2024\/09\/ruescher_etiketten_75_11012-204x300.jpg\" class=\"attachment-medium size-medium wp-post-image\" alt=\"\" style=\"max-height:200px;\" srcset=\"https:\/\/franzruescher.at\/wp-content\/uploads\/2024\/09\/ruescher_etiketten_75_11012-204x300.jpg 204w, https:\/\/franzruescher.at\/wp-content\/uploads\/2024\/09\/ruescher_etiketten_75_11012.jpg 443w\" sizes=\"auto, (max-width: 204px) 100vw, 204px\" \/><\/a><\/div><a class=\"wp-block-latest-posts__post-title\" href=\"https:\/\/franzruescher.at\/?p=1518\">Mirabellenbrand<\/a><\/li>\n<li><div class=\"wp-block-latest-posts__featured-image\"><a href=\"https:\/\/franzruescher.at\/?p=1434\" aria-label=\"Obstbrand\"><img loading=\"lazy\" decoding=\"async\" width=\"204\" height=\"300\" src=\"https:\/\/franzruescher.at\/wp-content\/uploads\/2024\/09\/ruescher_etiketten_75_1104-204x300.jpg\" class=\"attachment-medium size-medium wp-post-image\" alt=\"\" style=\"max-height:200px;\" srcset=\"https:\/\/franzruescher.at\/wp-content\/uploads\/2024\/09\/ruescher_etiketten_75_1104-204x300.jpg 204w, https:\/\/franzruescher.at\/wp-content\/uploads\/2024\/09\/ruescher_etiketten_75_1104.jpg 443w\" sizes=\"auto, (max-width: 204px) 100vw, 204px\" \/><\/a><\/div><a class=\"wp-block-latest-posts__post-title\" href=\"https:\/\/franzruescher.at\/?p=1434\">Obstbrand<\/a><\/li>\n<li><div class=\"wp-block-latest-posts__featured-image\"><a href=\"https:\/\/franzruescher.at\/?p=1525\" aria-label=\"R\u00fcscher Gin\"><img loading=\"lazy\" decoding=\"async\" width=\"204\" height=\"300\" src=\"https:\/\/franzruescher.at\/wp-content\/uploads\/2024\/09\/ett_gin-204x300.jpg\" class=\"attachment-medium size-medium wp-post-image\" alt=\"\" style=\"max-height:200px;\" srcset=\"https:\/\/franzruescher.at\/wp-content\/uploads\/2024\/09\/ett_gin-204x300.jpg 204w, https:\/\/franzruescher.at\/wp-content\/uploads\/2024\/09\/ett_gin.jpg 440w\" sizes=\"auto, (max-width: 204px) 100vw, 204px\" \/><\/a><\/div><a class=\"wp-block-latest-posts__post-title\" href=\"https:\/\/franzruescher.at\/?p=1525\">R\u00fcscher Gin<\/a><\/li>\n<li><div class=\"wp-block-latest-posts__featured-image\"><a href=\"https:\/\/franzruescher.at\/?p=1495\" aria-label=\"Williamsbrand\"><img loading=\"lazy\" decoding=\"async\" width=\"204\" height=\"300\" src=\"https:\/\/franzruescher.at\/wp-content\/uploads\/2024\/09\/ruescher_etiketten_75_1103-204x300.jpg\" class=\"attachment-medium size-medium wp-post-image\" alt=\"\" style=\"max-height:200px;\" srcset=\"https:\/\/franzruescher.at\/wp-content\/uploads\/2024\/09\/ruescher_etiketten_75_1103-204x300.jpg 204w, https:\/\/franzruescher.at\/wp-content\/uploads\/2024\/09\/ruescher_etiketten_75_1103.jpg 443w\" sizes=\"auto, (max-width: 204px) 100vw, 204px\" \/><\/a><\/div><a class=\"wp-block-latest-posts__post-title\" href=\"https:\/\/franzruescher.at\/?p=1495\">Williamsbrand<\/a><\/li>\n<li><div class=\"wp-block-latest-posts__featured-image\"><a href=\"https:\/\/franzruescher.at\/?p=1549\" aria-label=\"Zirbengeist\"><img loading=\"lazy\" decoding=\"async\" width=\"204\" height=\"300\" src=\"https:\/\/franzruescher.at\/wp-content\/uploads\/2026\/01\/ruescher_etiketten_75_110_zirben_g-204x300.jpg\" class=\"attachment-medium size-medium wp-post-image\" alt=\"\" style=\"max-height:200px;\" srcset=\"https:\/\/franzruescher.at\/wp-content\/uploads\/2026\/01\/ruescher_etiketten_75_110_zirben_g-204x300.jpg 204w, https:\/\/franzruescher.at\/wp-content\/uploads\/2026\/01\/ruescher_etiketten_75_110_zirben_g.jpg 443w\" sizes=\"auto, (max-width: 204px) 100vw, 204px\" \/><\/a><\/div><a class=\"wp-block-latest-posts__post-title\" href=\"https:\/\/franzruescher.at\/?p=1549\">Zirbengeist<\/a><\/li>\n<li><div class=\"wp-block-latest-posts__featured-image\"><a href=\"https:\/\/franzruescher.at\/?p=1523\" aria-label=\"Zirbenlik\u00f6r\"><img loading=\"lazy\" decoding=\"async\" width=\"204\" height=\"300\" src=\"https:\/\/franzruescher.at\/wp-content\/uploads\/2024\/09\/ruescher_etiketten_75_11016-204x300.jpg\" class=\"attachment-medium size-medium wp-post-image\" alt=\"\" style=\"max-height:200px;\" srcset=\"https:\/\/franzruescher.at\/wp-content\/uploads\/2024\/09\/ruescher_etiketten_75_11016-204x300.jpg 204w, https:\/\/franzruescher.at\/wp-content\/uploads\/2024\/09\/ruescher_etiketten_75_11016.jpg 443w\" sizes=\"auto, (max-width: 204px) 100vw, 204px\" \/><\/a><\/div><a class=\"wp-block-latest-posts__post-title\" href=\"https:\/\/franzruescher.at\/?p=1523\">Zirbenlik\u00f6r<\/a><\/li>\n<li><div class=\"wp-block-latest-posts__featured-image\"><a href=\"https:\/\/franzruescher.at\/?p=1486\" aria-label=\"Zitronenbirne\"><img loading=\"lazy\" decoding=\"async\" width=\"204\" height=\"300\" src=\"https:\/\/franzruescher.at\/wp-content\/uploads\/2024\/09\/ruescher_etiketten_75_1105-204x300.jpg\" class=\"attachment-medium size-medium wp-post-image\" alt=\"\" style=\"max-height:200px;\" srcset=\"https:\/\/franzruescher.at\/wp-content\/uploads\/2024\/09\/ruescher_etiketten_75_1105-204x300.jpg 204w, https:\/\/franzruescher.at\/wp-content\/uploads\/2024\/09\/ruescher_etiketten_75_1105.jpg 443w\" sizes=\"auto, (max-width: 204px) 100vw, 204px\" \/><\/a><\/div><a class=\"wp-block-latest-posts__post-title\" href=\"https:\/\/franzruescher.at\/?p=1486\">Zitronenbirne<\/a><\/li>\n<li><div class=\"wp-block-latest-posts__featured-image\"><a href=\"https:\/\/franzruescher.at\/?p=1490\" aria-label=\"Zitronenbirne im Eichenfass\"><img loading=\"lazy\" decoding=\"async\" width=\"204\" height=\"300\" src=\"https:\/\/franzruescher.at\/wp-content\/uploads\/2024\/09\/ruescher_etiketten_75_110_24-204x300.jpg\" class=\"attachment-medium size-medium wp-post-image\" alt=\"\" style=\"max-height:200px;\" srcset=\"https:\/\/franzruescher.at\/wp-content\/uploads\/2024\/09\/ruescher_etiketten_75_110_24-204x300.jpg 204w, https:\/\/franzruescher.at\/wp-content\/uploads\/2024\/09\/ruescher_etiketten_75_110_24.jpg 443w\" sizes=\"auto, (max-width: 204px) 100vw, 204px\" \/><\/a><\/div><a class=\"wp-block-latest-posts__post-title\" href=\"https:\/\/franzruescher.at\/?p=1490\">Zitronenbirne im Eichenfass<\/a><\/li>\n<\/ul>\n\n\n<p><\/p>\n","protected":false},"excerpt":{"rendered":"<p>Tradition und Vielfalt \u2013 Unsere Edelbr\u00e4nde In unserer Brennerei haben wir \u00fcber die Jahre eine breite Palette an hochwertigen Br\u00e4nden entwickelt. Dabei bleiben wir unseren Wurzeln treu und setzen auf traditionelle Rezepturen, kombiniert mit modernem Wissen und Handwerk. Jede Flasche verk\u00f6rpert unsere Liebe zur Natur, zur Frucht und zum Destillationshandwerk. Die aktuelle Preisliste finden Sie &#8230; <a title=\"Unsere Produkte\" class=\"read-more\" href=\"https:\/\/franzruescher.at\/?page_id=1363\" aria-label=\"Mehr Informationen \u00fcber Unsere Produkte\">Weiterlesen &#8230;<\/a><\/p>\n","protected":false},"author":1,"featured_media":0,"parent":0,"menu_order":0,"comment_status":"closed","ping_status":"closed","template":"","meta":{"footnotes":""},"class_list":["post-1363","page","type-page","status-publish"],"_links":{"self":[{"href":"https:\/\/franzruescher.at\/index.php?rest_route=\/wp\/v2\/pages\/1363","targetHints":{"allow":["GET"]}}],"collection":[{"href":"https:\/\/franzruescher.at\/index.php?rest_route=\/wp\/v2\/pages"}],"about":[{"href":"https:\/\/franzruescher.at\/index.php?rest_route=\/wp\/v2\/types\/page"}],"author":[{"embeddable":true,"href":"https:\/\/franzruescher.at\/index.php?rest_route=\/wp\/v2\/users\/1"}],"replies":[{"embeddable":true,"href":"https:\/\/franzruescher.at\/index.php?rest_route=%2Fwp%2Fv2%2Fcomments&post=1363"}],"version-history":[{"count":8,"href":"https:\/\/franzruescher.at\/index.php?rest_route=\/wp\/v2\/pages\/1363\/revisions"}],"predecessor-version":[{"id":1548,"href":"https:\/\/franzruescher.at\/index.php?rest_route=\/wp\/v2\/pages\/1363\/revisions\/1548"}],"wp:attachment":[{"href":"https:\/\/franzruescher.at\/index.php?rest_route=%2Fwp%2Fv2%2Fmedia&parent=1363"}],"curies":[{"name":"wp","href":"https:\/\/api.w.org\/{rel}","templated":true}]}}