{"id":1358,"date":"2024-09-26T17:23:33","date_gmt":"2024-09-26T17:23:33","guid":{"rendered":"https:\/\/akarat.at\/?page_id=1358"},"modified":"2024-09-27T14:13:45","modified_gmt":"2024-09-27T14:13:45","slug":"startseite","status":"publish","type":"page","link":"https:\/\/franzruescher.at\/","title":{"rendered":"Startseite"},"content":{"rendered":"\n<h2 class=\"wp-block-heading\">Willkommen bei R\u00fcscher Edelbr\u00e4nde \u2013 Feinste Edelbr\u00e4nde aus dem Herzen des Bregenzerwaldes<\/h2>\n\n\n\n<p>Wir, Franz und Birgit R\u00fcscher, betreiben mit gro\u00dfer Leidenschaft und handwerklichem K\u00f6nnen unseren kleinen Familienbetrieb in Andelsbuch, Vorarlberg. In unserer traditionellen Hausbrennerei haben wir uns auf die Herstellung au\u00dfergew\u00f6hnlicher Edelbr\u00e4nde spezialisiert, die wir aus regionalem Obst und Zutaten gewinnen. Besonders stolz sind wir auf unsere Wurzelbr\u00e4nde, wie den kr\u00e4ftigen Enzian und den seltenen Meisterwurz, die durch das Einmaischen mit saftigen \u00c4pfeln und Birnen ihre besondere Geschmacksnote erhalten.<\/p>\n\n\n\n<figure class=\"wp-block-image size-large is-resized\"><img loading=\"lazy\" decoding=\"async\" width=\"1024\" height=\"755\" src=\"https:\/\/franzruescher.at\/wp-content\/uploads\/2024\/09\/20160812_164544_bearb-1024x755.jpg\" alt=\"\" class=\"wp-image-1543\" style=\"width:800px\" srcset=\"https:\/\/franzruescher.at\/wp-content\/uploads\/2024\/09\/20160812_164544_bearb-1024x755.jpg 1024w, https:\/\/franzruescher.at\/wp-content\/uploads\/2024\/09\/20160812_164544_bearb-300x221.jpg 300w, https:\/\/franzruescher.at\/wp-content\/uploads\/2024\/09\/20160812_164544_bearb-768x566.jpg 768w, https:\/\/franzruescher.at\/wp-content\/uploads\/2024\/09\/20160812_164544_bearb-1536x1133.jpg 1536w, https:\/\/franzruescher.at\/wp-content\/uploads\/2024\/09\/20160812_164544_bearb.jpg 1557w\" sizes=\"auto, (max-width: 1024px) 100vw, 1024px\" \/><\/figure>\n\n\n\n<p>Mit Sorgfalt und Hingabe kreieren wir jeden Brand zu einem einzigartigen Erlebnis \u2013 ein Hochgenuss, der die Urspr\u00fcnglichkeit der Vorarlberger Natur widerspiegelt. Lassen Sie sich von der Vielfalt unserer Produkte \u00fcberraschen und tauchen Sie ein in die Welt unserer Edelbr\u00e4nde.<\/p>\n\n\n\n<p><\/p>\n","protected":false},"excerpt":{"rendered":"<p>Willkommen bei R\u00fcscher Edelbr\u00e4nde \u2013 Feinste Edelbr\u00e4nde aus dem Herzen des Bregenzerwaldes Wir, Franz und Birgit R\u00fcscher, betreiben mit gro\u00dfer Leidenschaft und handwerklichem K\u00f6nnen unseren kleinen Familienbetrieb in Andelsbuch, Vorarlberg. In unserer traditionellen Hausbrennerei haben wir uns auf die Herstellung au\u00dfergew\u00f6hnlicher Edelbr\u00e4nde spezialisiert, die wir aus regionalem Obst und Zutaten gewinnen. Besonders stolz sind wir &#8230; <a title=\"Startseite\" class=\"read-more\" href=\"https:\/\/franzruescher.at\/\" aria-label=\"Mehr Informationen \u00fcber Startseite\">Weiterlesen &#8230;<\/a><\/p>\n","protected":false},"author":1,"featured_media":0,"parent":0,"menu_order":0,"comment_status":"closed","ping_status":"closed","template":"","meta":{"footnotes":""},"class_list":["post-1358","page","type-page","status-publish"],"_links":{"self":[{"href":"https:\/\/franzruescher.at\/index.php?rest_route=\/wp\/v2\/pages\/1358","targetHints":{"allow":["GET"]}}],"collection":[{"href":"https:\/\/franzruescher.at\/index.php?rest_route=\/wp\/v2\/pages"}],"about":[{"href":"https:\/\/franzruescher.at\/index.php?rest_route=\/wp\/v2\/types\/page"}],"author":[{"embeddable":true,"href":"https:\/\/franzruescher.at\/index.php?rest_route=\/wp\/v2\/users\/1"}],"replies":[{"embeddable":true,"href":"https:\/\/franzruescher.at\/index.php?rest_route=%2Fwp%2Fv2%2Fcomments&post=1358"}],"version-history":[{"count":4,"href":"https:\/\/franzruescher.at\/index.php?rest_route=\/wp\/v2\/pages\/1358\/revisions"}],"predecessor-version":[{"id":1544,"href":"https:\/\/franzruescher.at\/index.php?rest_route=\/wp\/v2\/pages\/1358\/revisions\/1544"}],"wp:attachment":[{"href":"https:\/\/franzruescher.at\/index.php?rest_route=%2Fwp%2Fv2%2Fmedia&parent=1358"}],"curies":[{"name":"wp","href":"https:\/\/api.w.org\/{rel}","templated":true}]}}